{"id":31,"date":"2022-07-25T21:05:45","date_gmt":"2022-07-25T21:05:45","guid":{"rendered":"https:\/\/www.neurobiology.sk\/vedeckakaviaren\/?page_id=31"},"modified":"2023-01-15T16:39:35","modified_gmt":"2023-01-15T16:39:35","slug":"kontakt","status":"publish","type":"page","link":"https:\/\/www.neurobiology.sk\/vedeckakaviaren\/kontakt\/","title":{"rendered":"Kontakt"},"content":{"rendered":"\n<h1 class=\"wp-block-heading\">Kontakt<\/h1>\n\n\n<p style=\"font-weight: 400;\">RNDr. J\u00e1n G\u00e1lik, CSc.<br \/>Neurobiologick\u00fd \u00fastav BMC SAV<br \/>\u0160olt\u00e9sovej 4<br \/>040 01 Ko\u0161ice<br \/>e-mail: galik@saske.sk<\/p>","protected":false},"excerpt":{"rendered":"<p>Kontakt RNDr. J\u00e1n G\u00e1lik, CSc.Neurobiologick\u00fd \u00fastav BMC SAV\u0160olt\u00e9sovej 4040 01 Ko\u0161icee-mail: galik@saske.sk<\/p>\n","protected":false},"author":1,"featured_media":880,"parent":0,"menu_order":0,"comment_status":"closed","ping_status":"closed","template":"","meta":{"footnotes":""},"acf":[],"_links":{"self":[{"href":"https:\/\/www.neurobiology.sk\/vedeckakaviaren\/wp-json\/wp\/v2\/pages\/31"}],"collection":[{"href":"https:\/\/www.neurobiology.sk\/vedeckakaviaren\/wp-json\/wp\/v2\/pages"}],"about":[{"href":"https:\/\/www.neurobiology.sk\/vedeckakaviaren\/wp-json\/wp\/v2\/types\/page"}],"author":[{"embeddable":true,"href":"https:\/\/www.neurobiology.sk\/vedeckakaviaren\/wp-json\/wp\/v2\/users\/1"}],"replies":[{"embeddable":true,"href":"https:\/\/www.neurobiology.sk\/vedeckakaviaren\/wp-json\/wp\/v2\/comments?post=31"}],"version-history":[{"count":9,"href":"https:\/\/www.neurobiology.sk\/vedeckakaviaren\/wp-json\/wp\/v2\/pages\/31\/revisions"}],"predecessor-version":[{"id":1001,"href":"https:\/\/www.neurobiology.sk\/vedeckakaviaren\/wp-json\/wp\/v2\/pages\/31\/revisions\/1001"}],"wp:featuredmedia":[{"embeddable":true,"href":"https:\/\/www.neurobiology.sk\/vedeckakaviaren\/wp-json\/wp\/v2\/media\/880"}],"wp:attachment":[{"href":"https:\/\/www.neurobiology.sk\/vedeckakaviaren\/wp-json\/wp\/v2\/media?parent=31"}],"curies":[{"name":"wp","href":"https:\/\/api.w.org\/{rel}","templated":true}]}}